{"id":881,"date":"2023-05-22T09:59:16","date_gmt":"2023-05-22T07:59:16","guid":{"rendered":"https:\/\/www.tuconnaispasdd.com\/?page_id=881"},"modified":"2024-04-03T11:40:54","modified_gmt":"2024-04-03T09:40:54","slug":"manifesto","status":"publish","type":"page","link":"http:\/\/www.tuconnaispasdd.com\/en\/manifesto\/","title":{"rendered":"Valorisez vos engagements."},"content":{"rendered":"<blockquote class=\"wp-block-quote is-layout-flow wp-block-quote-is-layout-flow\">\n<hr class=\"wp-block-separator has-css-opacity is-style-default\"\/>\n<\/blockquote>\n\n\n\n<blockquote class=\"wp-block-quote is-layout-flow wp-block-quote-is-layout-flow\">\n<div class=\"wp-block-columns alignwide is-layout-flex wp-container-core-columns-is-layout-1 wp-block-columns-is-layout-flex\" style=\"margin-bottom:0\">\n<div class=\"wp-block-column has-text-color has-background has-link-color wp-elements-de82962e1549c4018631dd4643240cfb is-layout-flow wp-block-column-is-layout-flow\" style=\"color:#000000;background-color:#d1d1e1;padding-top:2em;padding-right:2em;padding-bottom:2em;padding-left:2em\">\n<h2 class=\"wp-block-heading\">Communication interne :<\/h2>\n\n\n\n<ul class=\"has-normal-font-size\">\n<li>Cr\u00e9ation de vos supports de communication pour informer et f\u00e9d\u00e9rer les \u00e9quipes autour de vos engagements.<\/li>\n<\/ul>\n\n\n\n<ul class=\"has-normal-font-size\">\n<li>Formation pour mettre en \u0153uvre vos d\u00e9marches d&rsquo;\u00e9co-conception.<\/li>\n<\/ul>\n\n\n\n<ul class=\"has-normal-font-size\">\n<li>Formation pour vous former \u00e0 la communication responsable.<\/li>\n<\/ul>\n\n\n\n<ul class=\"has-normal-font-size\">\n<li>Animation \u00ab\u00a0fresque du climat\u00a0\u00bb.<\/li>\n<\/ul>\n<\/div>\n\n\n\n<div class=\"wp-block-column has-text-color has-background has-link-color wp-elements-779e7007c1cf039815291fe71e5f1e2c is-layout-flow wp-block-column-is-layout-flow\" style=\"color:#000000;background-color:#ffe97d;padding-top:2em;padding-right:2em;padding-bottom:2em;padding-left:2em\">\n<h2 class=\"wp-block-heading\">Communication externe :<\/h2>\n\n\n\n<p>\u2022 Mise en page de vos rapports RSE uniques, coh\u00e9rents fond\/forme<\/p>\n\n\n\n<p>\u2022 Logo &#8211; identit\u00e9 de marque, charte graphique.<\/p>\n\n\n\n<p>\u2022 Site internet<\/p>\n\n\n\n<p>\u2022 Tournages photos\/vid\u00e9os pour valoriser vos engagements (mise en lumi\u00e8re d&rsquo;un \u00e9v\u00e9nement responsable, campagne de communication, vid\u00e9os pour votre site internet etc\u2026)<\/p>\n<\/div>\n<\/div>\n\n\n\n<div class=\"wp-block-media-text alignwide is-stacked-on-mobile\"><figure class=\"wp-block-media-text__media\"><img loading=\"lazy\" decoding=\"async\" width=\"638\" height=\"817\" src=\"https:\/\/www.tuconnaispasdd.com\/wp-content\/uploads\/2023\/09\/Capture-decran-2023-09-25-a-14.15.03.png\" alt=\"\" class=\"wp-image-1887 size-full\" srcset=\"https:\/\/www.tuconnaispasdd.com\/wp-content\/uploads\/2023\/09\/Capture-decran-2023-09-25-a-14.15.03.png 638w, https:\/\/www.tuconnaispasdd.com\/wp-content\/uploads\/2023\/09\/Capture-decran-2023-09-25-a-14.15.03-234x300.png 234w, https:\/\/www.tuconnaispasdd.com\/wp-content\/uploads\/2023\/09\/Capture-decran-2023-09-25-a-14.15.03-9x12.png 9w, https:\/\/www.tuconnaispasdd.com\/wp-content\/uploads\/2023\/09\/Capture-decran-2023-09-25-a-14.15.03-47x60.png 47w\" sizes=\"(max-width: 638px) 100vw, 638px\" \/><\/figure><div class=\"wp-block-media-text__content\">\n<p>Transformez les obligations RSE en r\u00e9elle opportunit\u00e9 pour votre entreprise. <\/p>\n\n\n\n<p>\u2022 Je travaille avec des graphistes, photographes, r\u00e9alisateurs, motion designers&#8230; pour r\u00e9pondre \u00e0 vos besoins sp\u00e9cifiques.<\/p>\n\n\n\n<p>\u2022 Une expertise de plus de 20 ans en communication internationale.<\/p>\n\n\n\n<p>\u2022 Un Master 2 en d\u00e9veloppement durable.<\/p>\n\n\n\n<p>Pour que les vraies actions soient mises en lumi\u00e8re, que les entreprises qui s&rsquo;engagent le fassent savoir et f\u00e9d\u00e8rent toutes les parties prenantes.<\/p>\n<\/div><\/div>\n\n\n\n<h2 class=\"wp-block-heading\">Clients, partenaires &amp; r\u00e9alisations :<\/h2>\n\n\n\n<div class=\"wp-block-columns alignfull is-layout-flex wp-container-core-columns-is-layout-3 wp-block-columns-is-layout-flex\">\n<div class=\"wp-block-column is-layout-flow wp-block-column-is-layout-flow\" style=\"flex-basis:50%\">\n<div class=\"wp-block-cover is-light\" style=\"min-height:852px;aspect-ratio:unset;\"><span aria-hidden=\"true\" class=\"wp-block-cover__background has-background-dim-100 has-background-dim\" style=\"background-color:#f6f6f6\"><\/span><div class=\"wp-block-cover__inner-container is-layout-flow wp-block-cover-is-layout-flow\">\n<figure class=\"wp-block-gallery has-nested-images columns-default is-cropped wp-block-gallery-1 is-layout-flex wp-block-gallery-is-layout-flex\">\n<figure class=\"wp-block-image size-large\"><img loading=\"lazy\" decoding=\"async\" width=\"708\" height=\"1024\" src=\"https:\/\/www.tuconnaispasdd.com\/wp-content\/uploads\/2024\/04\/logos_site-copie-5-708x1024.jpg\" alt=\"\" class=\"wp-image-2325\" srcset=\"https:\/\/www.tuconnaispasdd.com\/wp-content\/uploads\/2024\/04\/logos_site-copie-5-708x1024.jpg 708w, https:\/\/www.tuconnaispasdd.com\/wp-content\/uploads\/2024\/04\/logos_site-copie-5-207x300.jpg 207w, https:\/\/www.tuconnaispasdd.com\/wp-content\/uploads\/2024\/04\/logos_site-copie-5-768x1111.jpg 768w, https:\/\/www.tuconnaispasdd.com\/wp-content\/uploads\/2024\/04\/logos_site-copie-5-1061x1536.jpg 1061w, https:\/\/www.tuconnaispasdd.com\/wp-content\/uploads\/2024\/04\/logos_site-copie-5-1415x2048.jpg 1415w, https:\/\/www.tuconnaispasdd.com\/wp-content\/uploads\/2024\/04\/logos_site-copie-5-8x12.jpg 8w, https:\/\/www.tuconnaispasdd.com\/wp-content\/uploads\/2024\/04\/logos_site-copie-5-41x60.jpg 41w, https:\/\/www.tuconnaispasdd.com\/wp-content\/uploads\/2024\/04\/logos_site-copie-5-scaled.jpg 1769w\" sizes=\"(max-width: 708px) 100vw, 708px\" \/><\/figure>\n<\/figure>\n<\/div><\/div>\n<\/div>\n\n\n\n<div class=\"wp-block-column is-vertically-aligned-center is-layout-flow wp-block-column-is-layout-flow\" style=\"padding-top:1em;padding-right:1em;padding-bottom:1em;padding-left:1em\">\n<div class=\"wp-block-columns is-layout-flex wp-container-core-columns-is-layout-2 wp-block-columns-is-layout-flex\">\n<div class=\"wp-block-column is-layout-flow wp-block-column-is-layout-flow\" style=\"flex-basis:320px\">\n<p>\u2022 ESI Business School. Intervenante en \u00e9coconception et en communication responsable.<\/p>\n\n\n\n<p>\u2022 Lactalis. Suivi de production du rapport RSE. <\/p>\n\n\n\n<p>\u2022 Leader secteur \u00e9nergie. Appel d&rsquo;offre &#8211; Rapport RSE &#8211; <\/p>\n\n\n\n<p>\u2022 Agir pour la petite enfance. Accompagnement en communication responsable.<\/p>\n\n\n\n<p>\u2022 Minist\u00e8re des Solidarit\u00e9s. Montage vid\u00e9o. Capture \u00ab\u00a0Girafes Awards\u00a0\u00bb <\/p>\n\n\n\n<p>\u2022 Communication d&rsquo;un \u00e9v\u00e9nement responsable &#8211; Identit\u00e9 visuelle, site internet. (L\u00e9gendes du Lac)<\/p>\n\n\n\n<p>\u2022 Footgolf Parc &#8211; Feuille de route D\u00e9veloppement Durable pour lev\u00e9e de fonds.<\/p>\n\n\n\n<p>\u2022 Dom Person. Champagne Bio-dynamique . Identit\u00e9 visuelle.<\/p>\n\n\n\n<p>\u2022 Gestion de patrimoine responsable &#8211; identit\u00e9 visuelle.<\/p>\n\n\n\n<p>\u2022 City Tri &#8211; D\u00e9veloppement d&rsquo;une application pour le tri des d\u00e9chets.<\/p>\n<\/div>\n<\/div>\n<\/div>\n<\/div>\n<\/blockquote>\n\n\n\n<h2 class=\"wp-block-heading alignwide has-text-align-center\" style=\"font-size:19px\"><a href=\" https:\/\/mathieu-jahnich.fr\/blog\/laetitia-kerhos-la-creativite-et-lesthetisme-comme-piliers-de-la-transition-ecologique-et-sociale\"><strong> <\/strong>https:\/\/mathieu-jahnich.fr\/blog\/laetitia-kerhos-la-creativite-et-lesthetisme-comme-piliers-de-la-transition-ecologique-et-sociale<\/a><\/h2>\n\n\n\n<figure class=\"wp-block-image size-large is-resized\"><img loading=\"lazy\" decoding=\"async\" src=\"https:\/\/www.tuconnaispasdd.com\/wp-content\/uploads\/2023\/12\/Capture-decran-2023-12-29-a-12.28.23-1024x551.png\" alt=\"\" class=\"wp-image-2216\" width=\"840\" height=\"451\" srcset=\"https:\/\/www.tuconnaispasdd.com\/wp-content\/uploads\/2023\/12\/Capture-decran-2023-12-29-a-12.28.23-1024x551.png 1024w, https:\/\/www.tuconnaispasdd.com\/wp-content\/uploads\/2023\/12\/Capture-decran-2023-12-29-a-12.28.23-300x161.png 300w, https:\/\/www.tuconnaispasdd.com\/wp-content\/uploads\/2023\/12\/Capture-decran-2023-12-29-a-12.28.23-768x413.png 768w, https:\/\/www.tuconnaispasdd.com\/wp-content\/uploads\/2023\/12\/Capture-decran-2023-12-29-a-12.28.23-1536x826.png 1536w, https:\/\/www.tuconnaispasdd.com\/wp-content\/uploads\/2023\/12\/Capture-decran-2023-12-29-a-12.28.23-2048x1101.png 2048w, https:\/\/www.tuconnaispasdd.com\/wp-content\/uploads\/2023\/12\/Capture-decran-2023-12-29-a-12.28.23-18x10.png 18w, https:\/\/www.tuconnaispasdd.com\/wp-content\/uploads\/2023\/12\/Capture-decran-2023-12-29-a-12.28.23-112x60.png 112w\" sizes=\"(max-width: 840px) 100vw, 840px\" \/><\/figure>\n\n\n\n<div class=\"wp-block-group alignwide\"><div class=\"wp-block-group__inner-container is-layout-constrained wp-block-group-is-layout-constrained\">\n<div class=\"wp-block-columns alignwide is-layout-flex wp-container-core-columns-is-layout-4 wp-block-columns-is-layout-flex\">\n<div class=\"wp-block-column is-vertically-aligned-center is-layout-flow wp-block-column-is-layout-flow\">\n<div class=\"wp-block-group\"><div class=\"wp-block-group__inner-container is-layout-constrained wp-container-core-group-is-layout-3 wp-block-group-is-layout-constrained\">\n<div class=\"wp-block-group\"><div class=\"wp-block-group__inner-container is-layout-constrained wp-block-group-is-layout-constrained\">\n<h2 class=\"wp-block-heading alignwide\" id=\"we-re-a-studio-in-berlin-with-an-international-practice-in-architecture-urban-planning-and-interior-design-we-believe-in-sharing-knowledge-and-promoting-dialogue-to-increase-the-creative-potential-of-collaboration\" style=\"font-size:48px;line-height:1.1\">contact us<\/h2>\n\n\n\n<div class=\"wp-block-group\"><div class=\"wp-block-group__inner-container is-layout-constrained wp-block-group-is-layout-constrained\">\n<p style=\"font-size:21px\"><strong>Tu connais pas DD<\/strong> <strong>&#8211; Paris<\/strong><br>M: <a href=\"mailto:contact@tuconnaispasdd.com\" title=\"\">contact@tuconnaispasdd.com<\/a><\/p>\n<\/div><\/div>\n<\/div><\/div>\n<\/div><\/div>\n<\/div>\n\n\n\n<div class=\"wp-block-column is-layout-flow wp-block-column-is-layout-flow\">\n<figure class=\"wp-block-image size-large is-resized\"><img loading=\"lazy\" decoding=\"async\" src=\"http:\/\/www.tuconnaispasdd.com\/wp-content\/uploads\/2023\/05\/pexels-photo-15190564-1-683x1024.jpg\" alt=\"\" class=\"wp-image-812\" width=\"352\" height=\"528\" srcset=\"https:\/\/www.tuconnaispasdd.com\/wp-content\/uploads\/2023\/05\/pexels-photo-15190564-1-683x1024.jpg 683w, https:\/\/www.tuconnaispasdd.com\/wp-content\/uploads\/2023\/05\/pexels-photo-15190564-1-200x300.jpg 200w, https:\/\/www.tuconnaispasdd.com\/wp-content\/uploads\/2023\/05\/pexels-photo-15190564-1-768x1152.jpg 768w, https:\/\/www.tuconnaispasdd.com\/wp-content\/uploads\/2023\/05\/pexels-photo-15190564-1.jpg 1000w\" sizes=\"(max-width: 352px) 100vw, 352px\" \/><\/figure>\n<\/div>\n<\/div>\n\n\n\n<div class=\"wp-block-group\" style=\"padding-top:var(--wp--preset--spacing--100)\"><div class=\"wp-block-group__inner-container is-layout-constrained wp-block-group-is-layout-constrained\">\n<div class=\"wp-block-columns alignwide is-layout-flex wp-container-core-columns-is-layout-5 wp-block-columns-is-layout-flex\">\n<div class=\"wp-block-column is-layout-flow wp-block-column-is-layout-flow\">\n<div class=\"wp-block-group is-nowrap is-layout-flex wp-container-core-group-is-layout-4 wp-block-group-is-layout-flex\"><p style=\"text-decoration:none;\" class=\"wp-block-site-title\">Une autre vision du d\u00e9veloppement durable.<\/p>\n\n\n<p>\u00a9 2023<\/p>\n<\/div>\n<\/div>\n<\/div>\n<\/div><\/div>\n<\/div><\/div>","protected":false},"excerpt":{"rendered":"<p>https:\/\/mathieu-jahnich.fr\/blog\/laetitia-kerhos-la-creativite-et-lesthetisme-comme-piliers-de-la-transition-ecologique-et-sociale<\/p>","protected":false},"author":1,"featured_media":0,"parent":0,"menu_order":0,"comment_status":"closed","ping_status":"closed","template":"","meta":{"om_disable_all_campaigns":false,"_monsterinsights_skip_tracking":false,"_monsterinsights_sitenote_active":false,"_monsterinsights_sitenote_note":"","_monsterinsights_sitenote_category":0,"_uf_show_specific_survey":0,"_uf_disable_surveys":false,"footnotes":""},"yoast_head":"<!-- This site is optimized with the Yoast SEO plugin v22.5 - https:\/\/yoast.com\/wordpress\/plugins\/seo\/ -->\n<title>Valorisez vos engagements. - Une autre vision du d\u00e9veloppement durable.<\/title>\n<meta name=\"robots\" content=\"index, follow, max-snippet:-1, max-image-preview:large, max-video-preview:-1\" \/>\n<link rel=\"canonical\" href=\"https:\/\/www.tuconnaispasdd.com\/en\/manifesto\/\" \/>\n<meta property=\"og:locale\" content=\"en_GB\" \/>\n<meta property=\"og:type\" content=\"article\" \/>\n<meta property=\"og:title\" content=\"Valorisez vos engagements. - Une autre vision du d\u00e9veloppement durable.\" \/>\n<meta property=\"og:description\" content=\"https:\/\/mathieu-jahnich.fr\/blog\/laetitia-kerhos-la-creativite-et-lesthetisme-comme-piliers-de-la-transition-ecologique-et-sociale\" \/>\n<meta property=\"og:url\" content=\"https:\/\/www.tuconnaispasdd.com\/en\/manifesto\/\" \/>\n<meta property=\"og:site_name\" content=\"Une autre vision du d\u00e9veloppement durable.\" \/>\n<meta property=\"article:modified_time\" content=\"2024-04-03T09:40:54+00:00\" \/>\n<meta property=\"og:image\" content=\"https:\/\/www.tuconnaispasdd.com\/wp-content\/uploads\/2023\/09\/Capture-decran-2023-09-25-a-14.15.03.png\" \/>\n<meta name=\"twitter:card\" content=\"summary_large_image\" \/>\n<meta name=\"twitter:label1\" content=\"Estimated reading time\" \/>\n\t<meta name=\"twitter:data1\" content=\"1 minute\" \/>\n<script type=\"application\/ld+json\" class=\"yoast-schema-graph\">{\"@context\":\"https:\/\/schema.org\",\"@graph\":[{\"@type\":\"WebPage\",\"@id\":\"https:\/\/www.tuconnaispasdd.com\/manifesto\/\",\"url\":\"https:\/\/www.tuconnaispasdd.com\/manifesto\/\",\"name\":\"Valorisez vos engagements. - Une autre vision du d\u00e9veloppement durable.\",\"isPartOf\":{\"@id\":\"http:\/\/www.tuconnaispasdd.com\/#website\"},\"primaryImageOfPage\":{\"@id\":\"https:\/\/www.tuconnaispasdd.com\/manifesto\/#primaryimage\"},\"image\":{\"@id\":\"https:\/\/www.tuconnaispasdd.com\/manifesto\/#primaryimage\"},\"thumbnailUrl\":\"https:\/\/www.tuconnaispasdd.com\/wp-content\/uploads\/2023\/09\/Capture-decran-2023-09-25-a-14.15.03.png\",\"datePublished\":\"2023-05-22T07:59:16+00:00\",\"dateModified\":\"2024-04-03T09:40:54+00:00\",\"breadcrumb\":{\"@id\":\"https:\/\/www.tuconnaispasdd.com\/manifesto\/#breadcrumb\"},\"inLanguage\":\"en-GB\",\"potentialAction\":[{\"@type\":\"ReadAction\",\"target\":[\"https:\/\/www.tuconnaispasdd.com\/manifesto\/\"]}]},{\"@type\":\"ImageObject\",\"inLanguage\":\"en-GB\",\"@id\":\"https:\/\/www.tuconnaispasdd.com\/manifesto\/#primaryimage\",\"url\":\"https:\/\/www.tuconnaispasdd.com\/wp-content\/uploads\/2023\/09\/Capture-decran-2023-09-25-a-14.15.03.png\",\"contentUrl\":\"https:\/\/www.tuconnaispasdd.com\/wp-content\/uploads\/2023\/09\/Capture-decran-2023-09-25-a-14.15.03.png\"},{\"@type\":\"BreadcrumbList\",\"@id\":\"https:\/\/www.tuconnaispasdd.com\/manifesto\/#breadcrumb\",\"itemListElement\":[{\"@type\":\"ListItem\",\"position\":1,\"name\":\"Accueil\",\"item\":\"http:\/\/www.tuconnaispasdd.com\/page-d-exemple\/\"},{\"@type\":\"ListItem\",\"position\":2,\"name\":\"Valorisez vos engagements.\"}]},{\"@type\":\"WebSite\",\"@id\":\"http:\/\/www.tuconnaispasdd.com\/#website\",\"url\":\"http:\/\/www.tuconnaispasdd.com\/\",\"name\":\"Tu Connais Pas DD\",\"description\":\"Communication RSE, formations en \u00e9coconception &amp; com responsable.\",\"publisher\":{\"@id\":\"http:\/\/www.tuconnaispasdd.com\/#organization\"},\"alternateName\":\"tuconnaispasdd\",\"potentialAction\":[{\"@type\":\"SearchAction\",\"target\":{\"@type\":\"EntryPoint\",\"urlTemplate\":\"http:\/\/www.tuconnaispasdd.com\/?s={search_term_string}\"},\"query-input\":\"required name=search_term_string\"}],\"inLanguage\":\"en-GB\"},{\"@type\":\"Organization\",\"@id\":\"http:\/\/www.tuconnaispasdd.com\/#organization\",\"name\":\"Tu Connais Pas DD\",\"alternateName\":\"tuconnaispasdd\",\"url\":\"http:\/\/www.tuconnaispasdd.com\/\",\"logo\":{\"@type\":\"ImageObject\",\"inLanguage\":\"en-GB\",\"@id\":\"http:\/\/www.tuconnaispasdd.com\/#\/schema\/logo\/image\/\",\"url\":\"https:\/\/www.tuconnaispasdd.com\/wp-content\/uploads\/2023\/04\/animiertes-gif-von-online-umwandeln-de-1.gif\",\"contentUrl\":\"https:\/\/www.tuconnaispasdd.com\/wp-content\/uploads\/2023\/04\/animiertes-gif-von-online-umwandeln-de-1.gif\",\"width\":1024,\"height\":585,\"caption\":\"Tu Connais Pas DD\"},\"image\":{\"@id\":\"http:\/\/www.tuconnaispasdd.com\/#\/schema\/logo\/image\/\"}}]}<\/script>\n<!-- \/ Yoast SEO plugin. -->","yoast_head_json":{"title":"Valorisez vos engagements. - Une autre vision du d\u00e9veloppement durable.","robots":{"index":"index","follow":"follow","max-snippet":"max-snippet:-1","max-image-preview":"max-image-preview:large","max-video-preview":"max-video-preview:-1"},"canonical":"https:\/\/www.tuconnaispasdd.com\/en\/manifesto\/","og_locale":"en_GB","og_type":"article","og_title":"Valorisez vos engagements. - Une autre vision du d\u00e9veloppement durable.","og_description":"https:\/\/mathieu-jahnich.fr\/blog\/laetitia-kerhos-la-creativite-et-lesthetisme-comme-piliers-de-la-transition-ecologique-et-sociale","og_url":"https:\/\/www.tuconnaispasdd.com\/en\/manifesto\/","og_site_name":"Une autre vision du d\u00e9veloppement durable.","article_modified_time":"2024-04-03T09:40:54+00:00","og_image":[{"url":"https:\/\/www.tuconnaispasdd.com\/wp-content\/uploads\/2023\/09\/Capture-decran-2023-09-25-a-14.15.03.png"}],"twitter_card":"summary_large_image","twitter_misc":{"Estimated reading time":"1 minute"},"schema":{"@context":"https:\/\/schema.org","@graph":[{"@type":"WebPage","@id":"https:\/\/www.tuconnaispasdd.com\/manifesto\/","url":"https:\/\/www.tuconnaispasdd.com\/manifesto\/","name":"Valorisez vos engagements. - Une autre vision du d\u00e9veloppement durable.","isPartOf":{"@id":"http:\/\/www.tuconnaispasdd.com\/#website"},"primaryImageOfPage":{"@id":"https:\/\/www.tuconnaispasdd.com\/manifesto\/#primaryimage"},"image":{"@id":"https:\/\/www.tuconnaispasdd.com\/manifesto\/#primaryimage"},"thumbnailUrl":"https:\/\/www.tuconnaispasdd.com\/wp-content\/uploads\/2023\/09\/Capture-decran-2023-09-25-a-14.15.03.png","datePublished":"2023-05-22T07:59:16+00:00","dateModified":"2024-04-03T09:40:54+00:00","breadcrumb":{"@id":"https:\/\/www.tuconnaispasdd.com\/manifesto\/#breadcrumb"},"inLanguage":"en-GB","potentialAction":[{"@type":"ReadAction","target":["https:\/\/www.tuconnaispasdd.com\/manifesto\/"]}]},{"@type":"ImageObject","inLanguage":"en-GB","@id":"https:\/\/www.tuconnaispasdd.com\/manifesto\/#primaryimage","url":"https:\/\/www.tuconnaispasdd.com\/wp-content\/uploads\/2023\/09\/Capture-decran-2023-09-25-a-14.15.03.png","contentUrl":"https:\/\/www.tuconnaispasdd.com\/wp-content\/uploads\/2023\/09\/Capture-decran-2023-09-25-a-14.15.03.png"},{"@type":"BreadcrumbList","@id":"https:\/\/www.tuconnaispasdd.com\/manifesto\/#breadcrumb","itemListElement":[{"@type":"ListItem","position":1,"name":"Accueil","item":"http:\/\/www.tuconnaispasdd.com\/page-d-exemple\/"},{"@type":"ListItem","position":2,"name":"Valorisez vos engagements."}]},{"@type":"WebSite","@id":"http:\/\/www.tuconnaispasdd.com\/#website","url":"http:\/\/www.tuconnaispasdd.com\/","name":"Tu Connais Pas DD","description":"CSR communication, eco-design &amp; responsible com training.","publisher":{"@id":"http:\/\/www.tuconnaispasdd.com\/#organization"},"alternateName":"tuconnaispasdd","potentialAction":[{"@type":"SearchAction","target":{"@type":"EntryPoint","urlTemplate":"http:\/\/www.tuconnaispasdd.com\/?s={search_term_string}"},"query-input":"required name=search_term_string"}],"inLanguage":"en-GB"},{"@type":"Organization","@id":"http:\/\/www.tuconnaispasdd.com\/#organization","name":"Tu Connais Pas DD","alternateName":"tuconnaispasdd","url":"http:\/\/www.tuconnaispasdd.com\/","logo":{"@type":"ImageObject","inLanguage":"en-GB","@id":"http:\/\/www.tuconnaispasdd.com\/#\/schema\/logo\/image\/","url":"https:\/\/www.tuconnaispasdd.com\/wp-content\/uploads\/2023\/04\/animiertes-gif-von-online-umwandeln-de-1.gif","contentUrl":"https:\/\/www.tuconnaispasdd.com\/wp-content\/uploads\/2023\/04\/animiertes-gif-von-online-umwandeln-de-1.gif","width":1024,"height":585,"caption":"Tu Connais Pas DD"},"image":{"@id":"http:\/\/www.tuconnaispasdd.com\/#\/schema\/logo\/image\/"}}]}},"_links":{"self":[{"href":"http:\/\/www.tuconnaispasdd.com\/en\/wp-json\/wp\/v2\/pages\/881"}],"collection":[{"href":"http:\/\/www.tuconnaispasdd.com\/en\/wp-json\/wp\/v2\/pages"}],"about":[{"href":"http:\/\/www.tuconnaispasdd.com\/en\/wp-json\/wp\/v2\/types\/page"}],"author":[{"embeddable":true,"href":"http:\/\/www.tuconnaispasdd.com\/en\/wp-json\/wp\/v2\/users\/1"}],"replies":[{"embeddable":true,"href":"http:\/\/www.tuconnaispasdd.com\/en\/wp-json\/wp\/v2\/comments?post=881"}],"version-history":[{"count":120,"href":"http:\/\/www.tuconnaispasdd.com\/en\/wp-json\/wp\/v2\/pages\/881\/revisions"}],"predecessor-version":[{"id":2329,"href":"http:\/\/www.tuconnaispasdd.com\/en\/wp-json\/wp\/v2\/pages\/881\/revisions\/2329"}],"wp:attachment":[{"href":"http:\/\/www.tuconnaispasdd.com\/en\/wp-json\/wp\/v2\/media?parent=881"}],"curies":[{"name":"wp","href":"https:\/\/api.w.org\/{rel}","templated":true}]}}